{"id":75,"date":"2023-02-04T14:22:51","date_gmt":"2023-02-04T14:22:51","guid":{"rendered":"https:\/\/www.budekom.wroclaw.pl\/?page_id=75"},"modified":"2025-06-18T12:20:50","modified_gmt":"2025-06-18T12:20:50","slug":"rzuty-mieszkan","status":"publish","type":"page","link":"https:\/\/www.budekom.wroclaw.pl\/index.php\/rzuty-mieszkan\/","title":{"rendered":"BUDEKOM"},"content":{"rendered":"\n<p><strong>BUDEKOM<\/strong> to firma z <strong>27-letnim do\u015bwiadczeniem<\/strong> na rynku, specjalizuj\u0105ca si\u0119 w <strong>kompleksowej sprzeda\u017cy i monta\u017cu<\/strong> okien, drzwi, bram gara\u017cowych oraz rolet.<\/p>\n\n\n\n<p>Dzi\u0119ki <strong>w\u0142asnej ekipie monta\u017cowej<\/strong> gwarantuje <strong>rzetelne i profesjonalne us\u0142ugi<\/strong>. <\/p>\n\n\n\n<p>Siedziba firmy znajduje si\u0119 w <strong>Sob\u00f3tce (woj. dolno\u015bl\u0105skie)<\/strong> przy <strong>ul. Warszawskiej 9A<\/strong>, gdzie klienci mog\u0105 liczy\u0107 na fachowe doradztwo i najwy\u017csz\u0105 jako\u015b\u0107. <br><\/p>\n\n\n\n<p><strong>Sprawdzone rozwi\u0105zania od ponad \u0107wier\u0107 wieku!<\/strong> <\/p>\n\n\n\n<p>Firma <strong>Budekom<\/strong> to tak\u017ce developer kt\u00f3ry w 2020 roku poszerzy\u0142 swoj\u0105 dzia\u0142alno\u015b\u0107 o <strong>budow\u0119 mieszka\u0144<\/strong>, w tym zabudowy <strong>wielorodzinnej i szeregowej<\/strong>. Specjalizuje si\u0119 w tworzeniu nowoczesnych projekt\u00f3w mieszkaniowych, \u0142\u0105cz\u0105c funkcjonalno\u015b\u0107 z atrakcyjnym designem.<\/p>\n\n\n\n<p><\/p>\n","protected":false},"excerpt":{"rendered":"<p>BUDEKOM to firma z 27-letnim do\u015bwiadczeniem na rynku, specjalizuj\u0105ca si\u0119 w kompleksowej sprzeda\u017cy i monta\u017cu okien, drzwi, bram gara\u017cowych oraz rolet. Dzi\u0119ki w\u0142asnej ekipie monta\u017cowej gwarantuje rzetelne i profesjonalne us\u0142ugi. Siedziba firmy znajduje si\u0119 w Sob\u00f3tce (woj. dolno\u015bl\u0105skie) przy ul. Warszawskiej 9A, gdzie klienci mog\u0105 liczy\u0107 na fachowe doradztwo i najwy\u017csz\u0105 jako\u015b\u0107. Sprawdzone rozwi\u0105zania od &hellip; <\/p>\n<p class=\"link-more\"><a href=\"https:\/\/www.budekom.wroclaw.pl\/index.php\/rzuty-mieszkan\/\" class=\"more-link\">Czytaj dalej<span class=\"screen-reader-text\"> \u201eBUDEKOM\u201d<\/span><\/a><\/p>\n","protected":false},"author":1,"featured_media":0,"parent":0,"menu_order":0,"comment_status":"closed","ping_status":"closed","template":"","meta":{"footnotes":""},"class_list":["post-75","page","type-page","status-publish","hentry"],"_links":{"self":[{"href":"https:\/\/www.budekom.wroclaw.pl\/index.php\/wp-json\/wp\/v2\/pages\/75","targetHints":{"allow":["GET"]}}],"collection":[{"href":"https:\/\/www.budekom.wroclaw.pl\/index.php\/wp-json\/wp\/v2\/pages"}],"about":[{"href":"https:\/\/www.budekom.wroclaw.pl\/index.php\/wp-json\/wp\/v2\/types\/page"}],"author":[{"embeddable":true,"href":"https:\/\/www.budekom.wroclaw.pl\/index.php\/wp-json\/wp\/v2\/users\/1"}],"replies":[{"embeddable":true,"href":"https:\/\/www.budekom.wroclaw.pl\/index.php\/wp-json\/wp\/v2\/comments?post=75"}],"version-history":[{"count":11,"href":"https:\/\/www.budekom.wroclaw.pl\/index.php\/wp-json\/wp\/v2\/pages\/75\/revisions"}],"predecessor-version":[{"id":244,"href":"https:\/\/www.budekom.wroclaw.pl\/index.php\/wp-json\/wp\/v2\/pages\/75\/revisions\/244"}],"wp:attachment":[{"href":"https:\/\/www.budekom.wroclaw.pl\/index.php\/wp-json\/wp\/v2\/media?parent=75"}],"curies":[{"name":"wp","href":"https:\/\/api.w.org\/{rel}","templated":true}]}}